{"id":2515,"date":"2022-09-12T10:31:00","date_gmt":"2022-09-12T08:31:00","guid":{"rendered":"https:\/\/rad-air.com\/store\/?page_id=2515"},"modified":"2022-11-03T17:42:00","modified_gmt":"2022-11-03T16:42:00","slug":"shipping-terms","status":"publish","type":"page","link":"https:\/\/rad-air.com\/store\/index.php\/shipping-terms\/","title":{"rendered":"SHIPPING &#038; TERMS"},"content":{"rendered":"<h3>Allgemeine Gesch\u00e4ftsbedingungen<\/h3>\n<h4>\nGeltung der Bedingungen<\/h4>\n<p>Die Lieferungen, Leistungen und Angebote von RAD AIR Snowboards erfolgen ausschliesslich aufgrund dieser Gesch\u00e4ftsbedingungen, auch wenn sie nicht nochmals ausdr\u00fccklich vereinbart werden. Mit Bestellung der Ware oder Leistung gelten diese Bedingungen als angenommen. Allgemeinen Einkaufsbedingungen des K\u00e4ufers wird hiermit widersprochen. Abweichungen von diesen Gesch\u00e4ftsbedingungen sind nur wirksam, wenn wir sie schriftlich best\u00e4tigen.<\/p>\n<h4>\nAngebot und Vertragsschluss<\/h4>\n<p>Die Angebote von RAD AIR Snowboards in Preislisten, Inseraten und Flyers sind freibleibend und unverbindlich. Bestellungen sind f\u00fcr RAD AIR Snowboards erst nach schriftlicher Best\u00e4tigung verbindlich. Auftragsbest\u00e4tigungen werden nur auf ausdr\u00fccklichen Wunsch erstellt.<br \/>\nDie Angaben in unseren Verkaufsunterlagen (Zeichnungen, Abbildungen, Masse, Gewichte und sonstige Leistungen) sind nur als Richtwerte zu verstehen und stellen keine Zusicherung von Eigenschaften dar, es sei denn, sie werden schriftlich ausdr\u00fccklich als verbindlich bezeichnet.<\/p>\n<h4>\nPreise<\/h4>\n<p>Massgebend sind die in unserer Auftragsbest\u00e4tigung genannten Preise. Diese werden f\u00fcr Lagerware zum Zeitpunkt der Bestellung fixiert. Bei Lieferengp\u00e4ssen sowie Besorgungen gilt der Tagespreis am Bestelltag.<\/p>\n<h4>\nLiefer- und Leistungszeit<\/h4>\n<p>Termine und Lieferfristen sind unverbindlich, sofern nicht ausdr\u00fccklich schriftlich etwas anderes vereinbart wurde. Die Angabe bestimmter Lieferfristen und Liefertermine durch RAD AIR Snowboards steht unter dem Vorbehalt der richtigen und rechtzeitigen Belieferung von RAD AIR Snowboards durch Zulieferanten und Hersteller.<\/p>\n<h4>\nAnnahmeverzug<\/h4>\n<p>Wenn der K\u00e4ufer nach Ablauf einer ihm gesetzten Nachfrist die Annahme der Liefergegen-st\u00e4nde verweigert oder erkl\u00e4rt, die Ware nicht abnehmen zu wollen, kann RAD AIR Snowboards die Erf\u00fcllung des Vertrages verweigern und Schadensersatz wegen Nichterf\u00fcllung verlangen. RAD AIR Snowboards ist berechtigt, als Schadensersatz wahlweise entweder pauschal 20 % des vereinbarten Kaufpreises oder den Ersatz des effektiv entstandenen Schadens vom K\u00e4ufer zu fordern.<\/p>\n<h4>\nLieferung<\/h4>\n<p>Sichtbare Mengendifferenzen m\u00fcssen sofort bei Warenerhalt, verdeckte Mengendifferenzen innerhalb von 5 Tagen nach Warenerhalt RAD AIR Snowboards und dem Frachtf\u00fchrer schriftlich angezeigt werden. Beanstandungen betreffend Besch\u00e4digung, Versp\u00e4tung, Verlust oder schlechter Verpackung sind sofort nach Eingang der Warensendung anzumelden.<\/p>\n<h4>\nGefahren\u00fcbergang<\/h4>\n<p>Die Gefahr geht auf den K\u00e4ufer \u00fcber, sobald die Sendung an die den Transport ausf\u00fchrende Person \u00fcbergeben worden ist. Falls der Versand sich ohne unser Verschulden verz\u00f6gert oder unm\u00f6glich wird, geht die Gefahr mit der Meldung der Versandbereitschaft auf den K\u00e4ufer \u00fcber. Eine im Einzelfall vereinbarte \u00dcbernahme der Transportkosten durch RAD AIR Snowboards hat keinen Einfluss auf den Gefahren\u00fcbergang.<\/p>\n<h4>\nGew\u00e4hrleistung<\/h4>\n<p>Die Gew\u00e4hrleistung nach Massgabe der folgenden Bestimmungen betr\u00e4gt 1 Jahr, wenn nicht ausdr\u00fccklich schriftlich etwas anderes vereinbart wird.<\/p>\n<p>Die Gew\u00e4hrleistungsfrist beginnt mit dem Lieferdatum. Werden unsere Betriebs- oder Wartungsanweisungen nicht befolgt, \u00c4nderungen vorgenommen, Teile ausgewechselt oder Verbrauchsmaterialien verwendet, die nicht den Originalspezifikationen entsprechen, so entf\u00e4llt jede Gew\u00e4hrleistung, soweit der Mangel hierauf zur\u00fcckzuf\u00fchren ist. Dies gilt auch, soweit der Mangel auf unsachgem\u00e4sse Benutzung, Lagerung und Handhabung der Ger\u00e4te, oder Fremdeingriff sowie das \u00f6ffnen von Ger\u00e4ten zur\u00fcckzuf\u00fchren ist. Unwesentliche Abweichungen von zugesicherten Eigenschaften der Ware l\u00f6sen keine Gew\u00e4hrleistungs-rechte aus.<br \/>\nEine Haftung f\u00fcr normale Abnutzung und Verschleissteile ist ausgeschlossen.<br \/>\nGew\u00e4hrleistungsanspr\u00fcche gegen RAD AIR Snowboards stehen nur dem unmittelbaren K\u00e4ufer zu und sind nicht abtretbar.<\/p>\n<h4>\nRetouren<\/h4>\n<p>F\u00fcr Retouren verlangen wir, dass der defekte Artikel bzw. Ger\u00e4t mit ausgef\u00fclltem Reparaturformular sowie einer Kopie der Rechnung, mit dem der Artikel geliefert wurde, an RAD AIR Snowboards zur Reparatur eingeschickt oder angeliefert wird. Die Versandkosten sind vom K\u00e4ufer zu tragen. Durch den Austausch von Teilen, Baugruppen oder ganzen Artikeln treten keine neuen Gew\u00e4hrleistungsfristen in Kraft. Die Gew\u00e4hrleistung beschr\u00e4nkt sich ausschliesslich auf die Reparatur oder den Austausch der besch\u00e4digten Lieferungsgegenst\u00e4nde. Der K\u00e4ufer hat bei Einsendung der zu reparierenden Artikel oder Ger\u00e4te daf\u00fcr Sorge zu tragen, dass auf diesen befindliche Daten, durch Kopien gesichert werden, da diese bei Reparatureingriffen verloren gehen k\u00f6nnen.<\/p>\n<p><a href=\"https:\/\/rad-air.com\/store\/wp-content\/uploads\/2022\/11\/retourenformular-eu-pdf.pdf\" target=\"_blank\" rel=\"noopener\">RETOURENFORMULAR EU Lieferungen<\/a> \u00a0\u00a0 \u00a0<a href=\"https:\/\/rad-air.com\/store\/wp-content\/uploads\/2022\/11\/retourenformular-ch-pdf.pdf\" target=\"_blank\" rel=\"noopener\">RETOURENFORMULAR CH LIEFERUNGEN<\/a><\/p>\n<h4>\nEigentumsvorbehalt<\/h4>\n<p>Die gelieferte Ware bleibt bis zur vollst\u00e4ndigen Bezahlung Eigentum von RAD AIR Snowboards.<\/p>\n<h4>\nZahlung<\/h4>\n<p>Die Rechnungen sind je nach Vereinbarung per Bank\u00fcberweisung, PayPal oder Barzahlung, oder innert 10 Tagen rein netto zahlbar, soweit nicht anders vereinbart.Eine Zahlung gilt erst dann als erfolgt, wenn wir \u00fcber den Betrag verf\u00fcgen k\u00f6nnen.<br \/>\nGer\u00e4t der K\u00e4ufer in Verzug, so sind wir berechtigt, von dem betreffenden Zeitpunkt ab Zinsen in H\u00f6he von 10 % zu berechnen. W\u00e4hrend der Dauer des Verzuges ist RAD AIR Snowboards auch jederzeit berechtigt, vom Vertrag zur\u00fcckzutreten, die gelieferte Ware zur\u00fcckzuverlangen und Schadensersatz auf das Dahinfallen des Vertrages zu fordern.<br \/>\nAlle Forderungen werden sofort f\u00e4llig, wenn der Abnehmer in Zahlungsverzug ger\u00e4t, sonstige wesentliche Verpflichtungen aus dem Vertrag schuldhaft nicht einh\u00e4lt oder wenn uns Umst\u00e4nde bekannt werden, die geeignet sind, die Kreditw\u00fcrdigkeit des Abnehmers zu mindern, insbesondere Zahlungseinstellung, Anh\u00e4ngigkeit eines Vergleichs- oder Konkursverfahrens. In diesen F\u00e4llen sind wir berechtigt, noch ausstehende Lieferungen zur\u00fcckzubehalten oder nur gegen Vorauszahlung oder Sicherheiten auszuf\u00fchren.<\/p>\n<h4>\nHaftungsbeschr\u00e4nkung<\/h4>\n<p>Schadensersatzanspr\u00fcche aus Unm\u00f6glichkeit der Leistung, aus Vertragsverletzung, aus Verschulden bei Vertragsschluss und aus unerlaubter Handlung, sind sowohl gegen uns, als auch gegen unsere Erf\u00fcllungs- bzw. Verrichtungsgehilfen ausgeschlossen, soweit nicht vors\u00e4tzliches oder grob fahrl\u00e4ssiges Handeln vorliegt. F\u00fcr Folgesch\u00e4den aus der Verwendung der Produkte wird jede Haftung abgelehnt.<\/p>\n<h4>\nDatenschutz<\/h4>\n<p>RAD AIR Snowboards ist berechtigt, die bez\u00fcglich der Gesch\u00e4ftsverbindungen oder im Zusammenhang mit dieser erhaltenen Daten \u00fcber den K\u00e4ufer, gleich ob diese vom K\u00e4ufer selbst oder von Dritten stammen, im Sinne des Bundesdatenschutzgesetzes zu verarbeiten.<\/p>\n<h4>Gerichtsstand<\/h4>\n<p>Einsiedeln ist ausschliesslicher Gerichtsstand f\u00fcr alle sich aus dem Vertragsverh\u00e4ltnis unmittelbar oder mittelbar ergebenden Streitigkeiten. Das Rechtsverh\u00e4ltnis untersteht dem schweizerischen Recht.<\/p>\n<p>Einsiedeln, 28.10.2022<\/p>\n","protected":false},"excerpt":{"rendered":"<p>Allgemeine Gesch\u00e4ftsbedingungen Geltung der Bedingungen Die Lieferungen, Leistungen und Angebote von RAD AIR Snowboards erfolgen ausschliesslich aufgrund dieser Gesch\u00e4ftsbedingungen, auch wenn sie nicht nochmals ausdr\u00fccklich vereinbart werden. Mit Bestellung der [&hellip;]<\/p>\n","protected":false},"author":1,"featured_media":0,"parent":0,"menu_order":0,"comment_status":"closed","ping_status":"closed","template":"","meta":{"footnotes":""},"class_list":["post-2515","page","type-page","status-publish","hentry"],"_links":{"self":[{"href":"https:\/\/rad-air.com\/store\/index.php\/wp-json\/wp\/v2\/pages\/2515","targetHints":{"allow":["GET"]}}],"collection":[{"href":"https:\/\/rad-air.com\/store\/index.php\/wp-json\/wp\/v2\/pages"}],"about":[{"href":"https:\/\/rad-air.com\/store\/index.php\/wp-json\/wp\/v2\/types\/page"}],"author":[{"embeddable":true,"href":"https:\/\/rad-air.com\/store\/index.php\/wp-json\/wp\/v2\/users\/1"}],"replies":[{"embeddable":true,"href":"https:\/\/rad-air.com\/store\/index.php\/wp-json\/wp\/v2\/comments?post=2515"}],"version-history":[{"count":3,"href":"https:\/\/rad-air.com\/store\/index.php\/wp-json\/wp\/v2\/pages\/2515\/revisions"}],"predecessor-version":[{"id":2612,"href":"https:\/\/rad-air.com\/store\/index.php\/wp-json\/wp\/v2\/pages\/2515\/revisions\/2612"}],"wp:attachment":[{"href":"https:\/\/rad-air.com\/store\/index.php\/wp-json\/wp\/v2\/media?parent=2515"}],"curies":[{"name":"wp","href":"https:\/\/api.w.org\/{rel}","templated":true}]}}